{"id":31,"date":"2026-01-20T11:47:35","date_gmt":"2026-01-20T08:47:35","guid":{"rendered":"https:\/\/dummy.xtemos.com\/woodmart2\/furniture2-elementor\/?page_id=31"},"modified":"2026-02-02T02:15:11","modified_gmt":"2026-02-01T23:15:11","slug":"hakkimizda","status":"publish","type":"page","link":"https:\/\/test.tmtaydinlatma.com\/?page_id=31","title":{"rendered":"Hakk\u0131m\u0131zda"},"content":{"rendered":"\t\t<div data-elementor-type=\"wp-page\" data-elementor-id=\"31\" class=\"elementor elementor-31\" data-elementor-post-type=\"page\">\n\t\t\t\t<div class=\"wd-negative-gap elementor-element elementor-element-558899b e-flex e-con-boxed e-con e-parent\" data-id=\"558899b\" data-element_type=\"container\">\n\t\t\t\t\t<div class=\"e-con-inner\">\n\t\t<div class=\"elementor-element elementor-element-9aff3ab e-con-full e-flex e-con e-child\" data-id=\"9aff3ab\" data-element_type=\"container\">\n\t\t\t\t<div class=\"elementor-element elementor-element-cfd9ca0 wd-width-100 elementor-widget elementor-widget-wd_images_gallery\" data-id=\"cfd9ca0\" data-element_type=\"widget\" data-widget_type=\"wd_images_gallery.default\">\n\t\t\t\t<div class=\"elementor-widget-container\">\n\t\t\t\t\t\t\t<div class=\"wd-images-gallery photoswipe-images\" style=\"--wd-align-items:center; --wd-justify-content:center;\">\n\t\t\t\t\t\t<div class=\"wd-grid-g\" style=\"--wd-col-lg:2;--wd-col-md:2;--wd-col-sm:2;--wd-gap-lg:20px;--wd-gap-sm:10px;\" >\n\t\t\t\t\t\t\t\t\t\t\t\t\t\t\t\t\t\t<div class=\"wd-gallery-item wd-col\">\n\t\t\t\t\t\t\t\t\t\t\t\t\t<a  href=\"https:\/\/test.tmtaydinlatma.com\/wp-content\/uploads\/2026\/02\/hak-2-1.jpg\" data-width=\"960\" data-height=\"1088\" data-index=\"1\" data-elementor-open-lightbox=\"no\">\n\t\t\t\t\t\t\n\t\t\t\t\t\t<img fetchpriority=\"high\" decoding=\"async\" width=\"960\" height=\"1088\" src=\"https:\/\/test.tmtaydinlatma.com\/wp-content\/uploads\/2026\/02\/hak-2-1.jpg\" class=\"attachment-full size-full\" alt=\"hak-2\" srcset=\"https:\/\/test.tmtaydinlatma.com\/wp-content\/uploads\/2026\/02\/hak-2-1.jpg 960w, https:\/\/test.tmtaydinlatma.com\/wp-content\/uploads\/2026\/02\/hak-2-1-265x300.jpg 265w, https:\/\/test.tmtaydinlatma.com\/wp-content\/uploads\/2026\/02\/hak-2-1-904x1024.jpg 904w, https:\/\/test.tmtaydinlatma.com\/wp-content\/uploads\/2026\/02\/hak-2-1-768x870.jpg 768w, https:\/\/test.tmtaydinlatma.com\/wp-content\/uploads\/2026\/02\/hak-2-1-150x170.jpg 150w\" sizes=\"(max-width: 960px) 100vw, 960px\" \/>\n\t\t\t\t\t\t\t\t\t\t\t\t\t<\/a>\n\t\t\t\t\t\t\t\t\t\t\t<\/div>\n\t\t\t\t\t\t\t\t\t\t\t\t\t\t\t<div class=\"wd-gallery-item wd-col\">\n\t\t\t\t\t\t\t\t\t\t\t\t\t<a  href=\"https:\/\/test.tmtaydinlatma.com\/wp-content\/uploads\/2026\/02\/hak-1.jpg\" data-width=\"960\" data-height=\"1088\" data-index=\"2\" data-elementor-open-lightbox=\"no\">\n\t\t\t\t\t\t\n\t\t\t\t\t\t<img decoding=\"async\" width=\"960\" height=\"1088\" src=\"https:\/\/test.tmtaydinlatma.com\/wp-content\/uploads\/2026\/02\/hak-1.jpg\" class=\"attachment-full size-full\" alt=\"hak-1\" srcset=\"https:\/\/test.tmtaydinlatma.com\/wp-content\/uploads\/2026\/02\/hak-1.jpg 960w, https:\/\/test.tmtaydinlatma.com\/wp-content\/uploads\/2026\/02\/hak-1-265x300.jpg 265w, https:\/\/test.tmtaydinlatma.com\/wp-content\/uploads\/2026\/02\/hak-1-904x1024.jpg 904w, https:\/\/test.tmtaydinlatma.com\/wp-content\/uploads\/2026\/02\/hak-1-768x870.jpg 768w, https:\/\/test.tmtaydinlatma.com\/wp-content\/uploads\/2026\/02\/hak-1-150x170.jpg 150w\" sizes=\"(max-width: 960px) 100vw, 960px\" \/>\n\t\t\t\t\t\t\t\t\t\t\t\t\t<\/a>\n\t\t\t\t\t\t\t\t\t\t\t<\/div>\n\t\t\t\t\t\t\t\t\t\t\t\t\t<\/div>\n\t\t\t\t\t<\/div>\n\t\t\t\t\t\t<\/div>\n\t\t\t\t<\/div>\n\t\t\t\t<\/div>\n\t\t<div class=\"elementor-element elementor-element-af8043f e-con-full e-flex e-con e-child\" data-id=\"af8043f\" data-element_type=\"container\">\n\t\t\t\t<div class=\"elementor-element elementor-element-78a5da3 wd-width-100 elementor-widget elementor-widget-wd_title\" data-id=\"78a5da3\" data-element_type=\"widget\" data-widget_type=\"wd_title.default\">\n\t\t\t\t<div class=\"elementor-widget-container\">\n\t\t\t\t\t\t\t<div class=\"title-wrapper wd-set-mb reset-last-child wd-title-color-default wd-title-style-default wd-title-size-large text-left\">\n\n\t\t\t\n\t\t\t<div class=\"liner-continer\">\n\t\t\t\t<h4 class=\"woodmart-title-container title wd-fontsize-xxl\">TMT Ayd\u0131nlatma<\/h4> \n\t\t\t\t\t\t\t<\/div>\n\n\t\t\t\t\t<\/div>\n\t\t\t\t\t\t<\/div>\n\t\t\t\t<\/div>\n\t\t\t\t<div class=\"elementor-element elementor-element-49b9a13 elementor-widget elementor-widget-wd_text_block\" data-id=\"49b9a13\" data-element_type=\"widget\" data-widget_type=\"wd_text_block.default\">\n\t\t\t\t<div class=\"elementor-widget-container\">\n\t\t\t\t\t\t\t<div class=\"wd-text-block reset-last-child text-left\">\n\t\t\t\n\t\t\t<p data-path-to-node=\"4\">TMT Ayd\u0131nlatma olarak, <b data-path-to-node=\"4\" data-index-in-node=\"23\">20 y\u0131l \u00f6nce<\/b> \u00e7\u0131kt\u0131\u011f\u0131m\u0131z bu yolculukta tek bir amac\u0131m\u0131z vard\u0131: Ya\u015fam alanlar\u0131n\u0131 sadece ayd\u0131nlatmak de\u011fil, onlara bir ruh katmak. Bug\u00fcn, dekoratif ayd\u0131nlatma sekt\u00f6r\u00fcndeki yirmi y\u0131ll\u0131k tecr\u00fcbemizle, hem \u00fcretici hem de sat\u0131c\u0131 kimli\u011fimizle mekanlar\u0131n\u0131za de\u011fer katmaya devam ediyoruz.<\/p><p data-path-to-node=\"5\">Kendi b\u00fcnyemizde ger\u00e7ekle\u015ftirdi\u011fimiz titiz \u00fcretim s\u00fcre\u00e7leri ve modern tasar\u0131m anlay\u0131\u015f\u0131m\u0131zla, esteti\u011fi kaliteyle harmanl\u0131yoruz. Dekoratif ayd\u0131nlatma \u00fcr\u00fcnlerimizle sadece birer \u0131\u015f\u0131k kayna\u011f\u0131 de\u011fil, evinizin veya i\u015f yerinizin karakterini yans\u0131tan birer sanat eseri sunuyoruz. \u0130ki on y\u0131ll\u0131k birikimimiz, sat\u0131\u015f sonras\u0131 verdi\u011fimiz g\u00fcvenle birle\u015ferek TMT Ayd\u0131nlatma'y\u0131 sekt\u00f6r\u00fcn \u00f6nc\u00fc isimlerinden biri haline getirdi.<\/p>\n\t\t\t\t\t<\/div>\n\t\t\t\t\t\t<\/div>\n\t\t\t\t<\/div>\n\t\t\t\t<\/div>\n\t\t\t\t\t<\/div>\n\t\t\t\t<\/div>\n\t\t<div class=\"wd-negative-gap elementor-element elementor-element-43bbe8e wd-collapsible-content e-flex e-con-boxed e-con e-parent\" data-id=\"43bbe8e\" data-element_type=\"container\">\n\t\t\t\t\t<div class=\"e-con-inner\">\n\t\t\t\t<div class=\"elementor-element elementor-element-20b137d elementor-widget elementor-widget-wd_text_block\" data-id=\"20b137d\" data-element_type=\"widget\" data-widget_type=\"wd_text_block.default\">\n\t\t\t\t<div class=\"elementor-widget-container\">\n\t\t\t\t\t\t\t<div class=\"wd-text-block reset-last-child text-left\">\n\t\t\t\n\t\t\t<h3 data-path-to-node=\"13\">20 Y\u0131ll\u0131k Tecr\u00fcbe, Yerli \u00dcretim, E\u015fsiz Tasar\u0131m<\/h3><p data-path-to-node=\"14\">20 y\u0131l \u00f6nce bir tutkuyla ba\u015flayan <b data-path-to-node=\"14\" data-index-in-node=\"34\">TMT Ayd\u0131nlatma<\/b>, bug\u00fcn dekoratif ayd\u0131nlatma sekt\u00f6r\u00fcn\u00fcn \u00fcretim ve sat\u0131\u015f noktalar\u0131ndaki en deneyimli isimlerinden biridir. Kendi tasar\u0131mlar\u0131m\u0131z\u0131, modern \u00fcretim teknolojileriyle birle\u015ftirerek ya\u015fam alanlar\u0131n\u0131za ula\u015ft\u0131r\u0131yoruz.<\/p><ul data-path-to-node=\"15\"><li><p data-path-to-node=\"15,0,0\"><b data-path-to-node=\"15,0,0\" data-index-in-node=\"0\">\u00dcretim G\u00fcc\u00fc:<\/b> Kendi tesislerimizde, y\u00fcksek kalite standartlar\u0131nda yerli \u00fcretim.<\/p><\/li><li><p data-path-to-node=\"15,1,0\"><b data-path-to-node=\"15,1,0\" data-index-in-node=\"0\">Tasar\u0131m Vizyonu:<\/b> Trendleri takip eden, \u00f6zg\u00fcn ve dekoratif \u00e7\u00f6z\u00fcmler.<\/p><\/li><li><p data-path-to-node=\"15,2,0\"><b data-path-to-node=\"15,2,0\" data-index-in-node=\"0\">G\u00fcven:<\/b> Sekt\u00f6rde kesintisiz ge\u00e7en 20 y\u0131l\u0131n getirdi\u011fi sars\u0131lmaz tecr\u00fcbe.<\/p><\/li><\/ul>\n\t\t\t\t\t<\/div>\n\t\t\t\t\t\t<\/div>\n\t\t\t\t<\/div>\n\t\t\t\t\t<\/div>\n\t\t\t\t<\/div>\n\t\t\t\t<\/div>\n\t\t","protected":false},"excerpt":{"rendered":"<p>TMT Ayd\u0131nlatma TMT Ayd\u0131nlatma olarak, 20 y\u0131l \u00f6nce \u00e7\u0131kt\u0131\u011f\u0131m\u0131z bu yolculukta tek bir amac\u0131m\u0131z vard\u0131: Ya\u015fam alanlar\u0131n\u0131 sadece ayd\u0131nlatmak de\u011fil,<\/p>\n","protected":false},"author":1,"featured_media":0,"parent":0,"menu_order":0,"comment_status":"closed","ping_status":"closed","template":"","meta":{"footnotes":""},"class_list":["post-31","page","type-page","status-publish","hentry"],"_links":{"self":[{"href":"https:\/\/test.tmtaydinlatma.com\/index.php?rest_route=\/wp\/v2\/pages\/31","targetHints":{"allow":["GET"]}}],"collection":[{"href":"https:\/\/test.tmtaydinlatma.com\/index.php?rest_route=\/wp\/v2\/pages"}],"about":[{"href":"https:\/\/test.tmtaydinlatma.com\/index.php?rest_route=\/wp\/v2\/types\/page"}],"author":[{"embeddable":true,"href":"https:\/\/test.tmtaydinlatma.com\/index.php?rest_route=\/wp\/v2\/users\/1"}],"replies":[{"embeddable":true,"href":"https:\/\/test.tmtaydinlatma.com\/index.php?rest_route=%2Fwp%2Fv2%2Fcomments&post=31"}],"version-history":[{"count":4,"href":"https:\/\/test.tmtaydinlatma.com\/index.php?rest_route=\/wp\/v2\/pages\/31\/revisions"}],"predecessor-version":[{"id":1572,"href":"https:\/\/test.tmtaydinlatma.com\/index.php?rest_route=\/wp\/v2\/pages\/31\/revisions\/1572"}],"wp:attachment":[{"href":"https:\/\/test.tmtaydinlatma.com\/index.php?rest_route=%2Fwp%2Fv2%2Fmedia&parent=31"}],"curies":[{"name":"wp","href":"https:\/\/api.w.org\/{rel}","templated":true}]}}